{"id":72,"date":"2016-03-31T12:36:59","date_gmt":"2016-03-31T12:36:59","guid":{"rendered":"http:\/\/schooltime.aislinthemes.com\/?page_id=774"},"modified":"2023-11-01T19:51:57","modified_gmt":"2023-11-01T18:51:57","slug":"restauration","status":"publish","type":"page","link":"http:\/\/ecole-lamajorelle.com\/dz\/nos-services\/restauration\/","title":{"rendered":"\u0645\u0637\u0639\u0645"},"content":{"rendered":"<div class=\"wpb-content-wrapper\"><div class=\"vc_row wpb_row vc_row-fluid vc_custom_1694622345656 vc_row-has-fill\"><div class=\"wpb_column vc_column_container vc_col-sm-6\"><div class=\"vc_column-inner vc_custom_1459847738375\"><div class=\"wpb_wrapper\">\n\t<div class=\"wpb_text_column wpb_content_element\" >\n\t\t<div class=\"wpb_wrapper\">\n\t\t\t<h1 style=\"color: #312878;\"><strong>\u0645\u0637\u0639\u0645<\/strong><\/h1>\n<p>Pour la croissance et la sant\u00e9 de l\u2019enfant et de l\u2019adolescent, il est n\u00e9cessaire d\u2019avoir une alimentation saine. C\u2019est pourquoi au Groupe Scolaire La Majorelle, comme nous suivons un horaire en continu, nous proposons un service optionnel de restauration scolaire, assur\u00e9 par notre traiteur professionnel.<\/p>\n<p>Les plats sont pr\u00e9par\u00e9s \u00e0 l\u2019\u00e9cole, dans une cuisine \u00e9quip\u00e9e, et des menus vari\u00e9s et \u00e9quilibr\u00e9s pour les petits et les grands sont propos\u00e9s quotidiennement.<\/p>\n<p>Un comit\u00e9 de parents d\u2019\u00e9l\u00e8ves est r\u00e9guli\u00e8rement consult\u00e9 pour l\u2019\u00e9laboration des menus hebdomadaires, leur implication permettant de rester au plus pr\u00e8s du go\u00fbt des enfants. Ces menus sont ensuite valid\u00e9s par une di\u00e9t\u00e9ticienne.<\/p>\n\n\t\t<\/div>\n\t<\/div>\n<\/div><\/div><\/div><div class=\"wpb_column vc_column_container vc_col-sm-6\"><div class=\"vc_column-inner\"><div class=\"wpb_wrapper\">\n\t<div  class=\"wpb_single_image wpb_content_element vc_align_left\">\n\t\t\n\t\t<figure class=\"wpb_wrapper vc_figure\">\n\t\t\t<div class=\"vc_single_image-wrapper   vc_box_border_grey\"><img decoding=\"async\" width=\"2560\" height=\"1920\" src=\"https:\/\/ecole-lamajorelle.com\/wp-content\/uploads\/2023\/10\/LaMajorelle-10-1-scaled.jpg\" class=\"vc_single_image-img attachment-full\" alt=\"\" title=\"LaMajorelle-10\" srcset=\"https:\/\/ecole-lamajorelle.com\/wp-content\/uploads\/2023\/10\/LaMajorelle-10-1-scaled.jpg 2560w, https:\/\/ecole-lamajorelle.com\/wp-content\/uploads\/2023\/10\/LaMajorelle-10-1-scaled-300x225.jpg 300w, https:\/\/ecole-lamajorelle.com\/wp-content\/uploads\/2023\/10\/LaMajorelle-10-1-scaled-1024x768.jpg 1024w, https:\/\/ecole-lamajorelle.com\/wp-content\/uploads\/2023\/10\/LaMajorelle-10-1-scaled-16x12.jpg 16w\" sizes=\"(max-width: 2560px) 100vw, 2560px\" \/><\/div>\n\t\t<\/figure>\n\t<\/div>\n<\/div><\/div><\/div><\/div>\n<\/div>","protected":false},"excerpt":{"rendered":"Restauration Pour la croissance et la sant\u00e9 de l\u2019enfant et de l\u2019adolescent, il est n\u00e9cessaire d\u2019avoir une alimentation saine. C\u2019est pourquoi au Groupe Scolaire La Majorelle, comme nous suivons un horaire en continu, nous proposons un service optionnel de restauration scolaire, assur\u00e9 par notre traiteur professionnel. Les plats sont pr\u00e9par\u00e9s \u00e0 l\u2019\u00e9cole, dans une cuisine \u00e9quip\u00e9e, et des menus vari\u00e9s&nbsp;<a href=\"http:\/\/ecole-lamajorelle.com\/dz\/nos-services\/restauration\/\">&hellip;<\/a>","protected":false},"author":1,"featured_media":0,"parent":75,"menu_order":2,"comment_status":"closed","ping_status":"closed","template":"template-sidebar-left-childpages.php","meta":{"_price":"","_stock":"","_tribe_ticket_header":"","_tribe_default_ticket_provider":"","_tribe_ticket_capacity":"0","_ticket_start_date":"","_ticket_end_date":"","_tribe_ticket_show_description":"","_tribe_ticket_show_not_going":false,"_tribe_ticket_use_global_stock":"","_tribe_ticket_global_stock_level":"","_global_stock_mode":"","_global_stock_cap":"","_tribe_rsvp_for_event":"","_tribe_ticket_going_count":"","_tribe_ticket_not_going_count":"","_tribe_tickets_list":"[]","_tribe_ticket_has_attendee_info_fields":false,"_joinchat":[],"footnotes":""},"class_list":["post-72","page","type-page","status-publish","hentry","odd"],"yoast_head":"<!-- This site is optimized with the Yoast SEO plugin v22.2 - https:\/\/yoast.com\/wordpress\/plugins\/seo\/ -->\n<title>Restauration - L&#039;\u00c9cole La Majorelle<\/title>\n<meta name=\"robots\" content=\"index, follow, max-snippet:-1, max-image-preview:large, max-video-preview:-1\" \/>\n<link rel=\"canonical\" href=\"http:\/\/ecole-lamajorelle.com\/dz\/nos-services\/restauration\/\" \/>\n<meta property=\"og:locale\" content=\"ar_AR\" \/>\n<meta property=\"og:type\" content=\"article\" \/>\n<meta property=\"og:title\" content=\"Restauration - L&#039;\u00c9cole La Majorelle\" \/>\n<meta property=\"og:url\" content=\"http:\/\/ecole-lamajorelle.com\/dz\/nos-services\/restauration\/\" \/>\n<meta property=\"og:site_name\" content=\"L&#039;\u00c9cole La Majorelle\" \/>\n<meta property=\"article:modified_time\" content=\"2023-11-01T18:51:57+00:00\" \/>\n<meta name=\"twitter:card\" content=\"summary_large_image\" \/>\n<meta name=\"twitter:label1\" content=\"\u0648\u0642\u062a \u0627\u0644\u0642\u0631\u0627\u0621\u0629 \u0627\u0644\u0645\u064f\u0642\u062f\u0651\u0631\" \/>\n\t<meta name=\"twitter:data1\" content=\"\u062f\u0642\u064a\u0642\u0629 \u0648\u0627\u062d\u062f\u0629\" \/>\n<script type=\"application\/ld+json\" class=\"yoast-schema-graph\">{\"@context\":\"https:\/\/schema.org\",\"@graph\":[{\"@type\":\"WebPage\",\"@id\":\"https:\/\/ecole-lamajorelle.com\/nos-services\/restauration\/\",\"url\":\"https:\/\/ecole-lamajorelle.com\/nos-services\/restauration\/\",\"name\":\"Restauration - L&#039;\u00c9cole La Majorelle\",\"isPartOf\":{\"@id\":\"https:\/\/ecole-lamajorelle.com\/#website\"},\"datePublished\":\"2016-03-31T12:36:59+00:00\",\"dateModified\":\"2023-11-01T18:51:57+00:00\",\"breadcrumb\":{\"@id\":\"https:\/\/ecole-lamajorelle.com\/nos-services\/restauration\/#breadcrumb\"},\"inLanguage\":\"ar\",\"potentialAction\":[{\"@type\":\"ReadAction\",\"target\":[\"https:\/\/ecole-lamajorelle.com\/nos-services\/restauration\/\"]}]},{\"@type\":\"BreadcrumbList\",\"@id\":\"https:\/\/ecole-lamajorelle.com\/nos-services\/restauration\/#breadcrumb\",\"itemListElement\":[{\"@type\":\"ListItem\",\"position\":1,\"name\":\"Accueil\",\"item\":\"https:\/\/ecole-lamajorelle.com\/\"},{\"@type\":\"ListItem\",\"position\":2,\"name\":\"Nos Services\",\"item\":\"https:\/\/ecole-lamajorelle.com\/nos-services\/\"},{\"@type\":\"ListItem\",\"position\":3,\"name\":\"Restauration\"}]},{\"@type\":\"WebSite\",\"@id\":\"https:\/\/ecole-lamajorelle.com\/#website\",\"url\":\"https:\/\/ecole-lamajorelle.com\/\",\"name\":\"L&#039;\u00c9cole La Majorelle\",\"description\":\"\u00c9cole La Majorelle - \u00c9ducation Bilingue d&#039;Excellence \u00e0 Alger\",\"publisher\":{\"@id\":\"https:\/\/ecole-lamajorelle.com\/#organization\"},\"potentialAction\":[{\"@type\":\"SearchAction\",\"target\":{\"@type\":\"EntryPoint\",\"urlTemplate\":\"https:\/\/ecole-lamajorelle.com\/?s={search_term_string}\"},\"query-input\":\"required name=search_term_string\"}],\"inLanguage\":\"ar\"},{\"@type\":\"Organization\",\"@id\":\"https:\/\/ecole-lamajorelle.com\/#organization\",\"name\":\"L&#039;\u00c9cole La Majorelle\",\"url\":\"https:\/\/ecole-lamajorelle.com\/\",\"logo\":{\"@type\":\"ImageObject\",\"inLanguage\":\"ar\",\"@id\":\"https:\/\/ecole-lamajorelle.com\/#\/schema\/logo\/image\/\",\"url\":\"https:\/\/ecole-lamajorelle.com\/wp-content\/uploads\/2023\/08\/Sans-titre-1.png\",\"contentUrl\":\"https:\/\/ecole-lamajorelle.com\/wp-content\/uploads\/2023\/08\/Sans-titre-1.png\",\"width\":584,\"height\":175,\"caption\":\"L&#039;\u00c9cole La Majorelle\"},\"image\":{\"@id\":\"https:\/\/ecole-lamajorelle.com\/#\/schema\/logo\/image\/\"}}]}<\/script>\n<!-- \/ Yoast SEO plugin. -->","yoast_head_json":{"title":"Restauration - L&#039;\u00c9cole La Majorelle","robots":{"index":"index","follow":"follow","max-snippet":"max-snippet:-1","max-image-preview":"max-image-preview:large","max-video-preview":"max-video-preview:-1"},"canonical":"http:\/\/ecole-lamajorelle.com\/dz\/nos-services\/restauration\/","og_locale":"ar_AR","og_type":"article","og_title":"Restauration - L&#039;\u00c9cole La Majorelle","og_url":"http:\/\/ecole-lamajorelle.com\/dz\/nos-services\/restauration\/","og_site_name":"L&#039;\u00c9cole La Majorelle","article_modified_time":"2023-11-01T18:51:57+00:00","twitter_card":"summary_large_image","twitter_misc":{"\u0648\u0642\u062a \u0627\u0644\u0642\u0631\u0627\u0621\u0629 \u0627\u0644\u0645\u064f\u0642\u062f\u0651\u0631":"\u062f\u0642\u064a\u0642\u0629 \u0648\u0627\u062d\u062f\u0629"},"schema":{"@context":"https:\/\/schema.org","@graph":[{"@type":"WebPage","@id":"https:\/\/ecole-lamajorelle.com\/nos-services\/restauration\/","url":"https:\/\/ecole-lamajorelle.com\/nos-services\/restauration\/","name":"Restauration - L&#039;\u00c9cole La Majorelle","isPartOf":{"@id":"https:\/\/ecole-lamajorelle.com\/#website"},"datePublished":"2016-03-31T12:36:59+00:00","dateModified":"2023-11-01T18:51:57+00:00","breadcrumb":{"@id":"https:\/\/ecole-lamajorelle.com\/nos-services\/restauration\/#breadcrumb"},"inLanguage":"ar","potentialAction":[{"@type":"ReadAction","target":["https:\/\/ecole-lamajorelle.com\/nos-services\/restauration\/"]}]},{"@type":"BreadcrumbList","@id":"https:\/\/ecole-lamajorelle.com\/nos-services\/restauration\/#breadcrumb","itemListElement":[{"@type":"ListItem","position":1,"name":"Accueil","item":"https:\/\/ecole-lamajorelle.com\/"},{"@type":"ListItem","position":2,"name":"Nos Services","item":"https:\/\/ecole-lamajorelle.com\/nos-services\/"},{"@type":"ListItem","position":3,"name":"Restauration"}]},{"@type":"WebSite","@id":"https:\/\/ecole-lamajorelle.com\/#website","url":"https:\/\/ecole-lamajorelle.com\/","name":"L&#039;\u00c9cole La Majorelle","description":"\u00c9cole La Majorelle - \u00c9ducation Bilingue d&#039;Excellence \u00e0 Alger","publisher":{"@id":"https:\/\/ecole-lamajorelle.com\/#organization"},"potentialAction":[{"@type":"SearchAction","target":{"@type":"EntryPoint","urlTemplate":"https:\/\/ecole-lamajorelle.com\/?s={search_term_string}"},"query-input":"required name=search_term_string"}],"inLanguage":"ar"},{"@type":"Organization","@id":"https:\/\/ecole-lamajorelle.com\/#organization","name":"L&#039;\u00c9cole La Majorelle","url":"https:\/\/ecole-lamajorelle.com\/","logo":{"@type":"ImageObject","inLanguage":"ar","@id":"https:\/\/ecole-lamajorelle.com\/#\/schema\/logo\/image\/","url":"https:\/\/ecole-lamajorelle.com\/wp-content\/uploads\/2023\/08\/Sans-titre-1.png","contentUrl":"https:\/\/ecole-lamajorelle.com\/wp-content\/uploads\/2023\/08\/Sans-titre-1.png","width":584,"height":175,"caption":"L&#039;\u00c9cole La Majorelle"},"image":{"@id":"https:\/\/ecole-lamajorelle.com\/#\/schema\/logo\/image\/"}}]}},"ticketed":false,"_links":{"self":[{"href":"http:\/\/ecole-lamajorelle.com\/dz\/wp-json\/wp\/v2\/pages\/72","targetHints":{"allow":["GET"]}}],"collection":[{"href":"http:\/\/ecole-lamajorelle.com\/dz\/wp-json\/wp\/v2\/pages"}],"about":[{"href":"http:\/\/ecole-lamajorelle.com\/dz\/wp-json\/wp\/v2\/types\/page"}],"author":[{"embeddable":true,"href":"http:\/\/ecole-lamajorelle.com\/dz\/wp-json\/wp\/v2\/users\/1"}],"replies":[{"embeddable":true,"href":"http:\/\/ecole-lamajorelle.com\/dz\/wp-json\/wp\/v2\/comments?post=72"}],"version-history":[{"count":19,"href":"http:\/\/ecole-lamajorelle.com\/dz\/wp-json\/wp\/v2\/pages\/72\/revisions"}],"predecessor-version":[{"id":2329,"href":"http:\/\/ecole-lamajorelle.com\/dz\/wp-json\/wp\/v2\/pages\/72\/revisions\/2329"}],"up":[{"embeddable":true,"href":"http:\/\/ecole-lamajorelle.com\/dz\/wp-json\/wp\/v2\/pages\/75"}],"wp:attachment":[{"href":"http:\/\/ecole-lamajorelle.com\/dz\/wp-json\/wp\/v2\/media?parent=72"}],"curies":[{"name":"wp","href":"https:\/\/api.w.org\/{rel}","templated":true}]}}