{"id":73,"date":"2016-03-31T12:23:07","date_gmt":"2016-03-31T12:23:07","guid":{"rendered":"http:\/\/schooltime.aislinthemes.com\/?page_id=763"},"modified":"2023-09-13T18:48:57","modified_gmt":"2023-09-13T16:48:57","slug":"transport","status":"publish","type":"page","link":"http:\/\/ecole-lamajorelle.com\/dz\/nos-services\/transport\/","title":{"rendered":"\u0646\u0642\u0644"},"content":{"rendered":"<div class=\"wpb-content-wrapper\"><div class=\"vc_row wpb_row vc_row-fluid vc_custom_1694621342016 vc_row-has-fill\"><div class=\"wpb_column vc_column_container vc_col-sm-6\"><div class=\"vc_column-inner vc_custom_1459847672941\"><div class=\"wpb_wrapper\">\n\t<div class=\"wpb_text_column wpb_content_element  vc_custom_1694623735546\" >\n\t\t<div class=\"wpb_wrapper\">\n\t\t\t<h1 style=\"color: #312878;\"><strong>\u0646\u0642\u0644<\/strong><\/h1>\n<p>Afin de faciliter le quotidien des parents et d\u2019assurer le d\u00e9placement des enfants en toute s\u00e9curit\u00e9, le Groupe Scolaire La Majorelle dispose de deux v\u00e9hicules s\u00e9curis\u00e9s et climatis\u00e9s pour le transport des \u00e9l\u00e8ves.<\/p>\n<p>Les deux chauffeurs ont \u00e9t\u00e9 s\u00e9lectionn\u00e9s selon des crit\u00e8res garantissant un comportement et une conduite professionnelle parfaite.<\/p>\n<p>Les itin\u00e9raires et les horaires sont \u00e9tablis sur un p\u00e9rim\u00e8tre suffisamment large pour permettre \u00e0 un grand nombre d\u2019\u00e9l\u00e8ves d\u2019en b\u00e9n\u00e9ficier.<\/p>\n<p>Le secr\u00e9tariat de l\u2019\u00e9tablissement indiquera les horaires et les lieux de passage des v\u00e9hicules aux parents qui le souhaitent.<\/p>\n\n\t\t<\/div>\n\t<\/div>\n<\/div><\/div><\/div><div class=\"wpb_column vc_column_container vc_col-sm-6\"><div class=\"vc_column-inner\"><div class=\"wpb_wrapper\">\n\t<div  class=\"wpb_single_image wpb_content_element vc_align_left\">\n\t\t\n\t\t<figure class=\"wpb_wrapper vc_figure\">\n\t\t\t<div class=\"vc_single_image-wrapper   vc_box_border_grey\"><img decoding=\"async\" width=\"2560\" height=\"1708\" src=\"https:\/\/ecole-lamajorelle.com\/wp-content\/uploads\/2023\/09\/yellow-school-bus-scaled.jpg\" class=\"vc_single_image-img attachment-full\" alt=\"\" title=\"Yellow school bus,\" srcset=\"https:\/\/ecole-lamajorelle.com\/wp-content\/uploads\/2023\/09\/yellow-school-bus-scaled.jpg 2560w, https:\/\/ecole-lamajorelle.com\/wp-content\/uploads\/2023\/09\/yellow-school-bus-scaled-300x200.jpg 300w, https:\/\/ecole-lamajorelle.com\/wp-content\/uploads\/2023\/09\/yellow-school-bus-scaled-1024x683.jpg 1024w, https:\/\/ecole-lamajorelle.com\/wp-content\/uploads\/2023\/09\/yellow-school-bus-scaled-18x12.jpg 18w\" sizes=\"(max-width: 2560px) 100vw, 2560px\" \/><\/div>\n\t\t<\/figure>\n\t<\/div>\n<\/div><\/div><\/div><\/div><div class=\"vc_row wpb_row vc_row-fluid vc_custom_1459427754259\"><div class=\"wpb_column vc_column_container vc_col-sm-12\"><div class=\"vc_column-inner\"><div class=\"wpb_wrapper\"><div class=\"vc_separator wpb_content_element vc_separator_align_center vc_sep_width_50 vc_sep_pos_align_center vc_separator_no_text vc_sep_color_grey\" ><span class=\"vc_sep_holder vc_sep_holder_l\"><span class=\"vc_sep_line\"><\/span><\/span><span class=\"vc_sep_holder vc_sep_holder_r\"><span class=\"vc_sep_line\"><\/span><\/span>\n<\/div><\/div><\/div><\/div><\/div>\n<\/div>","protected":false},"excerpt":{"rendered":"Transport Afin de faciliter le quotidien des parents et d\u2019assurer le d\u00e9placement des enfants en toute s\u00e9curit\u00e9, le Groupe Scolaire La Majorelle dispose de deux v\u00e9hicules s\u00e9curis\u00e9s et climatis\u00e9s pour le transport des \u00e9l\u00e8ves. Les deux chauffeurs ont \u00e9t\u00e9 s\u00e9lectionn\u00e9s selon des crit\u00e8res garantissant un comportement et une conduite professionnelle parfaite. Les itin\u00e9raires et les horaires sont \u00e9tablis sur un&nbsp;<a href=\"http:\/\/ecole-lamajorelle.com\/dz\/nos-services\/transport\/\">&hellip;<\/a>","protected":false},"author":1,"featured_media":0,"parent":75,"menu_order":1,"comment_status":"closed","ping_status":"closed","template":"template-sidebar-left-childpages.php","meta":{"_price":"","_stock":"","_tribe_ticket_header":"","_tribe_default_ticket_provider":"","_tribe_ticket_capacity":"0","_ticket_start_date":"","_ticket_end_date":"","_tribe_ticket_show_description":"","_tribe_ticket_show_not_going":false,"_tribe_ticket_use_global_stock":"","_tribe_ticket_global_stock_level":"","_global_stock_mode":"","_global_stock_cap":"","_tribe_rsvp_for_event":"","_tribe_ticket_going_count":"","_tribe_ticket_not_going_count":"","_tribe_tickets_list":"[]","_tribe_ticket_has_attendee_info_fields":false,"_joinchat":[],"footnotes":""},"class_list":["post-73","page","type-page","status-publish","hentry","odd"],"yoast_head":"<!-- This site is optimized with the Yoast SEO plugin v22.2 - https:\/\/yoast.com\/wordpress\/plugins\/seo\/ -->\n<title>Transport - L&#039;\u00c9cole La Majorelle<\/title>\n<meta name=\"robots\" content=\"index, follow, max-snippet:-1, max-image-preview:large, max-video-preview:-1\" \/>\n<link rel=\"canonical\" href=\"http:\/\/ecole-lamajorelle.com\/dz\/nos-services\/transport\/\" \/>\n<meta property=\"og:locale\" content=\"ar_AR\" \/>\n<meta property=\"og:type\" content=\"article\" \/>\n<meta property=\"og:title\" content=\"Transport - L&#039;\u00c9cole La Majorelle\" \/>\n<meta property=\"og:url\" content=\"http:\/\/ecole-lamajorelle.com\/dz\/nos-services\/transport\/\" \/>\n<meta property=\"og:site_name\" content=\"L&#039;\u00c9cole La Majorelle\" \/>\n<meta property=\"article:modified_time\" content=\"2023-09-13T16:48:57+00:00\" \/>\n<meta name=\"twitter:card\" content=\"summary_large_image\" \/>\n<meta name=\"twitter:label1\" content=\"\u0648\u0642\u062a \u0627\u0644\u0642\u0631\u0627\u0621\u0629 \u0627\u0644\u0645\u064f\u0642\u062f\u0651\u0631\" \/>\n\t<meta name=\"twitter:data1\" content=\"\u062f\u0642\u064a\u0642\u0629 \u0648\u0627\u062d\u062f\u0629\" \/>\n<script type=\"application\/ld+json\" class=\"yoast-schema-graph\">{\"@context\":\"https:\/\/schema.org\",\"@graph\":[{\"@type\":\"WebPage\",\"@id\":\"https:\/\/ecole-lamajorelle.com\/nos-services\/transport\/\",\"url\":\"https:\/\/ecole-lamajorelle.com\/nos-services\/transport\/\",\"name\":\"Transport - L&#039;\u00c9cole La Majorelle\",\"isPartOf\":{\"@id\":\"https:\/\/ecole-lamajorelle.com\/#website\"},\"datePublished\":\"2016-03-31T12:23:07+00:00\",\"dateModified\":\"2023-09-13T16:48:57+00:00\",\"breadcrumb\":{\"@id\":\"https:\/\/ecole-lamajorelle.com\/nos-services\/transport\/#breadcrumb\"},\"inLanguage\":\"ar\",\"potentialAction\":[{\"@type\":\"ReadAction\",\"target\":[\"https:\/\/ecole-lamajorelle.com\/nos-services\/transport\/\"]}]},{\"@type\":\"BreadcrumbList\",\"@id\":\"https:\/\/ecole-lamajorelle.com\/nos-services\/transport\/#breadcrumb\",\"itemListElement\":[{\"@type\":\"ListItem\",\"position\":1,\"name\":\"Accueil\",\"item\":\"https:\/\/ecole-lamajorelle.com\/\"},{\"@type\":\"ListItem\",\"position\":2,\"name\":\"Nos Services\",\"item\":\"https:\/\/ecole-lamajorelle.com\/nos-services\/\"},{\"@type\":\"ListItem\",\"position\":3,\"name\":\"Transport\"}]},{\"@type\":\"WebSite\",\"@id\":\"https:\/\/ecole-lamajorelle.com\/#website\",\"url\":\"https:\/\/ecole-lamajorelle.com\/\",\"name\":\"L&#039;\u00c9cole La Majorelle\",\"description\":\"\u00c9cole La Majorelle - \u00c9ducation Bilingue d&#039;Excellence \u00e0 Alger\",\"publisher\":{\"@id\":\"https:\/\/ecole-lamajorelle.com\/#organization\"},\"potentialAction\":[{\"@type\":\"SearchAction\",\"target\":{\"@type\":\"EntryPoint\",\"urlTemplate\":\"https:\/\/ecole-lamajorelle.com\/?s={search_term_string}\"},\"query-input\":\"required name=search_term_string\"}],\"inLanguage\":\"ar\"},{\"@type\":\"Organization\",\"@id\":\"https:\/\/ecole-lamajorelle.com\/#organization\",\"name\":\"L&#039;\u00c9cole La Majorelle\",\"url\":\"https:\/\/ecole-lamajorelle.com\/\",\"logo\":{\"@type\":\"ImageObject\",\"inLanguage\":\"ar\",\"@id\":\"https:\/\/ecole-lamajorelle.com\/#\/schema\/logo\/image\/\",\"url\":\"https:\/\/ecole-lamajorelle.com\/wp-content\/uploads\/2023\/08\/Sans-titre-1.png\",\"contentUrl\":\"https:\/\/ecole-lamajorelle.com\/wp-content\/uploads\/2023\/08\/Sans-titre-1.png\",\"width\":584,\"height\":175,\"caption\":\"L&#039;\u00c9cole La Majorelle\"},\"image\":{\"@id\":\"https:\/\/ecole-lamajorelle.com\/#\/schema\/logo\/image\/\"}}]}<\/script>\n<!-- \/ Yoast SEO plugin. -->","yoast_head_json":{"title":"Transport - L&#039;\u00c9cole La Majorelle","robots":{"index":"index","follow":"follow","max-snippet":"max-snippet:-1","max-image-preview":"max-image-preview:large","max-video-preview":"max-video-preview:-1"},"canonical":"http:\/\/ecole-lamajorelle.com\/dz\/nos-services\/transport\/","og_locale":"ar_AR","og_type":"article","og_title":"Transport - L&#039;\u00c9cole La Majorelle","og_url":"http:\/\/ecole-lamajorelle.com\/dz\/nos-services\/transport\/","og_site_name":"L&#039;\u00c9cole La Majorelle","article_modified_time":"2023-09-13T16:48:57+00:00","twitter_card":"summary_large_image","twitter_misc":{"\u0648\u0642\u062a \u0627\u0644\u0642\u0631\u0627\u0621\u0629 \u0627\u0644\u0645\u064f\u0642\u062f\u0651\u0631":"\u062f\u0642\u064a\u0642\u0629 \u0648\u0627\u062d\u062f\u0629"},"schema":{"@context":"https:\/\/schema.org","@graph":[{"@type":"WebPage","@id":"https:\/\/ecole-lamajorelle.com\/nos-services\/transport\/","url":"https:\/\/ecole-lamajorelle.com\/nos-services\/transport\/","name":"Transport - L&#039;\u00c9cole La Majorelle","isPartOf":{"@id":"https:\/\/ecole-lamajorelle.com\/#website"},"datePublished":"2016-03-31T12:23:07+00:00","dateModified":"2023-09-13T16:48:57+00:00","breadcrumb":{"@id":"https:\/\/ecole-lamajorelle.com\/nos-services\/transport\/#breadcrumb"},"inLanguage":"ar","potentialAction":[{"@type":"ReadAction","target":["https:\/\/ecole-lamajorelle.com\/nos-services\/transport\/"]}]},{"@type":"BreadcrumbList","@id":"https:\/\/ecole-lamajorelle.com\/nos-services\/transport\/#breadcrumb","itemListElement":[{"@type":"ListItem","position":1,"name":"Accueil","item":"https:\/\/ecole-lamajorelle.com\/"},{"@type":"ListItem","position":2,"name":"Nos Services","item":"https:\/\/ecole-lamajorelle.com\/nos-services\/"},{"@type":"ListItem","position":3,"name":"Transport"}]},{"@type":"WebSite","@id":"https:\/\/ecole-lamajorelle.com\/#website","url":"https:\/\/ecole-lamajorelle.com\/","name":"L&#039;\u00c9cole La Majorelle","description":"\u00c9cole La Majorelle - \u00c9ducation Bilingue d&#039;Excellence \u00e0 Alger","publisher":{"@id":"https:\/\/ecole-lamajorelle.com\/#organization"},"potentialAction":[{"@type":"SearchAction","target":{"@type":"EntryPoint","urlTemplate":"https:\/\/ecole-lamajorelle.com\/?s={search_term_string}"},"query-input":"required name=search_term_string"}],"inLanguage":"ar"},{"@type":"Organization","@id":"https:\/\/ecole-lamajorelle.com\/#organization","name":"L&#039;\u00c9cole La Majorelle","url":"https:\/\/ecole-lamajorelle.com\/","logo":{"@type":"ImageObject","inLanguage":"ar","@id":"https:\/\/ecole-lamajorelle.com\/#\/schema\/logo\/image\/","url":"https:\/\/ecole-lamajorelle.com\/wp-content\/uploads\/2023\/08\/Sans-titre-1.png","contentUrl":"https:\/\/ecole-lamajorelle.com\/wp-content\/uploads\/2023\/08\/Sans-titre-1.png","width":584,"height":175,"caption":"L&#039;\u00c9cole La Majorelle"},"image":{"@id":"https:\/\/ecole-lamajorelle.com\/#\/schema\/logo\/image\/"}}]}},"ticketed":false,"_links":{"self":[{"href":"http:\/\/ecole-lamajorelle.com\/dz\/wp-json\/wp\/v2\/pages\/73","targetHints":{"allow":["GET"]}}],"collection":[{"href":"http:\/\/ecole-lamajorelle.com\/dz\/wp-json\/wp\/v2\/pages"}],"about":[{"href":"http:\/\/ecole-lamajorelle.com\/dz\/wp-json\/wp\/v2\/types\/page"}],"author":[{"embeddable":true,"href":"http:\/\/ecole-lamajorelle.com\/dz\/wp-json\/wp\/v2\/users\/1"}],"replies":[{"embeddable":true,"href":"http:\/\/ecole-lamajorelle.com\/dz\/wp-json\/wp\/v2\/comments?post=73"}],"version-history":[{"count":31,"href":"http:\/\/ecole-lamajorelle.com\/dz\/wp-json\/wp\/v2\/pages\/73\/revisions"}],"predecessor-version":[{"id":1568,"href":"http:\/\/ecole-lamajorelle.com\/dz\/wp-json\/wp\/v2\/pages\/73\/revisions\/1568"}],"up":[{"embeddable":true,"href":"http:\/\/ecole-lamajorelle.com\/dz\/wp-json\/wp\/v2\/pages\/75"}],"wp:attachment":[{"href":"http:\/\/ecole-lamajorelle.com\/dz\/wp-json\/wp\/v2\/media?parent=73"}],"curies":[{"name":"wp","href":"https:\/\/api.w.org\/{rel}","templated":true}]}}