{"id":1439,"date":"2023-09-12T15:55:16","date_gmt":"2023-09-12T13:55:16","guid":{"rendered":"http:\/\/ecole-lamajorelle.com\/?page_id=1439"},"modified":"2023-11-01T18:58:59","modified_gmt":"2023-11-01T17:58:59","slug":"cambridge-assessment","status":"publish","type":"page","link":"https:\/\/ecole-lamajorelle.com\/dz\/cambridge-assessment\/","title":{"rendered":"\u0645\u0624\u0647\u0644\u0627\u062a \u0643\u0627\u0645\u0628\u0631\u064a\u062f\u062c \u0644\u0644\u063a\u0629"},"content":{"rendered":"<div class=\"wpb-content-wrapper\"><div data-vc-full-width=\"true\" data-vc-full-width-init=\"false\" data-vc-stretch-content=\"true\" class=\"vc_row wpb_row vc_row-fluid\"><div class=\"wpb_column vc_column_container vc_col-sm-12\"><div class=\"vc_column-inner\"><div class=\"wpb_wrapper\"><div class=\"wpb_layerslider_element wpb_content_element\"><script type=\"text\/javascript\">jQuery(function() { _initLayerSlider( '#layerslider_16_loykbdesw5xz', {createdWith: '6.5.202', sliderVersion: '7.7.11', type: 'fullwidth', allowFullscreen: true, pauseOnHover: 'enabled', skin: 'numbers', sliderFadeInDuration: 350, hoverPrevNext: false, navStartStop: false, navButtons: false, hoverBottomNav: true, useSrcset: true, skinsPath: 'https:\/\/ecole-lamajorelle.com\/wp-content\/plugins\/LayerSlider\/assets\/static\/layerslider\/skins\/', performanceMode: true}); });<\/script><div id=\"layerslider_16_loykbdesw5xz\" class=\"ls-wp-container fitvidsignore\" style=\"width:1280px;height:600px;margin:0 auto;margin-bottom: 0px;\"><div class=\"ls-slide\" data-ls=\"bgposition:0% 50%;duration:4000;transition2d:5;kenburnsscale:1.2;\"><img decoding=\"async\" width=\"2560\" height=\"1378\" src=\"https:\/\/ecole-lamajorelle.com\/wp-content\/uploads\/2023\/11\/united-kingdom-flag-wrinkled-dark-background-3d-render-scaled.jpg\" class=\"ls-bg\" alt=\"\" srcset=\"https:\/\/ecole-lamajorelle.com\/wp-content\/uploads\/2023\/11\/united-kingdom-flag-wrinkled-dark-background-3d-render-scaled.jpg 2560w, https:\/\/ecole-lamajorelle.com\/wp-content\/uploads\/2023\/11\/united-kingdom-flag-wrinkled-dark-background-3d-render-scaled-300x161.jpg 300w, https:\/\/ecole-lamajorelle.com\/wp-content\/uploads\/2023\/11\/united-kingdom-flag-wrinkled-dark-background-3d-render-scaled-1024x551.jpg 1024w, https:\/\/ecole-lamajorelle.com\/wp-content\/uploads\/2023\/11\/united-kingdom-flag-wrinkled-dark-background-3d-render-scaled-18x10.jpg 18w\" sizes=\"(max-width: 2560px) 100vw, 2560px\" \/><img decoding=\"async\" width=\"2560\" height=\"1707\" src=\"https:\/\/ecole-lamajorelle.com\/wp-content\/uploads\/2023\/09\/hands-child-who-smeared-1-1-scaled.jpg\" class=\"ls-tn\" alt=\"\" srcset=\"https:\/\/ecole-lamajorelle.com\/wp-content\/uploads\/2023\/09\/hands-child-who-smeared-1-1-scaled.jpg 2560w, https:\/\/ecole-lamajorelle.com\/wp-content\/uploads\/2023\/09\/hands-child-who-smeared-1-1-scaled-300x200.jpg 300w, https:\/\/ecole-lamajorelle.com\/wp-content\/uploads\/2023\/09\/hands-child-who-smeared-1-1-scaled-1024x683.jpg 1024w, https:\/\/ecole-lamajorelle.com\/wp-content\/uploads\/2023\/09\/hands-child-who-smeared-1-1-scaled-18x12.jpg 18w\" sizes=\"(max-width: 2560px) 100vw, 2560px\" \/><\/div><\/div><\/div><\/div><\/div><\/div><\/div><div class=\"vc_row-full-width vc_clearfix\"><\/div><div class=\"vc_row wpb_row vc_row-fluid vc_custom_1694215973972 vc_row-has-fill\"><div class=\"wpb_column vc_column_container vc_col-sm-6\"><div class=\"vc_column-inner\"><div class=\"wpb_wrapper\">\n\t<div  class=\"wpb_single_image wpb_content_element vc_align_center\">\n\t\t\n\t\t<figure class=\"wpb_wrapper vc_figure\">\n\t\t\t<div class=\"vc_single_image-wrapper   vc_box_border_grey\"><img decoding=\"async\" width=\"1024\" height=\"768\" src=\"https:\/\/ecole-lamajorelle.com\/wp-content\/uploads\/2023\/08\/LaMajorelle-37-scaled-1024x768.jpg\" class=\"vc_single_image-img attachment-large\" alt=\"\" title=\"LaMajorelle-37\" srcset=\"https:\/\/ecole-lamajorelle.com\/wp-content\/uploads\/2023\/08\/LaMajorelle-37-scaled-1024x768.jpg 1024w, https:\/\/ecole-lamajorelle.com\/wp-content\/uploads\/2023\/08\/LaMajorelle-37-scaled-300x225.jpg 300w, https:\/\/ecole-lamajorelle.com\/wp-content\/uploads\/2023\/08\/LaMajorelle-37-scaled-16x12.jpg 16w, https:\/\/ecole-lamajorelle.com\/wp-content\/uploads\/2023\/08\/LaMajorelle-37-scaled-150x113.jpg 150w\" sizes=\"(max-width: 1024px) 100vw, 1024px\" \/><\/div>\n\t\t<\/figure>\n\t<\/div>\n<\/div><\/div><\/div><div class=\"wpb_column vc_column_container vc_col-sm-6\"><div class=\"vc_column-inner\"><div class=\"wpb_wrapper\">\n\t<div class=\"wpb_text_column wpb_content_element\" >\n\t\t<div class=\"wpb_wrapper\">\n\t\t\t<div class=\"elementor-element elementor-element-24a99b1 elementor-widget elementor-widget-text-editor\" data-id=\"24a99b1\" data-element_type=\"widget\" data-widget_type=\"text-editor.default\">\n<div class=\"elementor-widget-container\">\n<h1 style=\"color: #312878;\"><strong>\u0645\u062f\u0631\u0633\u0629 \u0644\u0627 \u0645\u0627\u062c\u0648\u0631\u064a\u0644<\/strong><\/h1>\n<h3>Cambridge Assessment International Education (CIE):<\/h3>\n<\/div>\n<div class=\"elementor-element elementor-element-df41abf elementor-widget elementor-widget-text-editor\" data-id=\"df41abf\" data-element_type=\"widget\" data-widget_type=\"text-editor.default\">\n<div class=\"elementor-widget-container\">\n<div class=\"wpb_text_column wpb_content_element\">\n<div class=\"wpb_wrapper\">\n<div class=\"elementor-element elementor-element-cb101e9 elementor-widget elementor-widget-text-editor\" data-id=\"cb101e9\" data-element_type=\"widget\" data-widget_type=\"text-editor.default\">\n<div class=\"elementor-widget-container\">\n<div class=\"wpb_text_column wpb_content_element\">\n<div class=\"wpb_wrapper\">\n<p>L\u2019\u00e9cole La Majorelle offre le parcours Cambridge English aux \u00e9l\u00e8ves du primaire (5 \u2013 11 ans) comprenant le Cambridge Progression Tests et le Cambridge Primary Checkpoint, qui \u00e9valuent les r\u00e9sultats de l\u2019apprenant.\n<\/p><\/div>\n<\/div>\n<\/div>\n<\/div>\n<div class=\"elementor-element elementor-element-1333aab elementor-widget elementor-widget-text-editor\" data-id=\"1333aab\" data-element_type=\"widget\" data-widget_type=\"text-editor.default\">\n<div class=\"elementor-widget-container\">\n<div class=\"wpb_text_column wpb_content_element\">\n<div class=\"wpb_wrapper\">\n<p><strong>Les tests mettent d\u2019abord l\u2019accent sur l\u2019oral puis int\u00e8grent progressivement l\u2019\u00e9crit (compr\u00e9hension et expression \u00e9crites) au fur et \u00e0 mesure que l\u2019\u00e9tudiant gravite les \u00e9chelons :<\/strong><\/div>\n<\/div>\n<\/div>\n<\/div>\n<div class=\"elementor-element elementor-element-4bf598b elementor-widget elementor-widget-text-editor\" data-id=\"4bf598b\" data-element_type=\"widget\" data-widget_type=\"text-editor.default\">\n<div class=\"elementor-widget-container\">\n<ul class=\"list-style-1\">\n<li>Refl\u00e8tent le d\u00e9veloppement cognitif des jeunes apprenants.<\/li>\n<li>Incorporent la reconnaissance des \u00ab rep\u00e8res de progressivit\u00e9 \u00bb permettant \u00e0 des \u00e9l\u00e8ves d\u2019une m\u00eame classe de passer des examens diff\u00e9rents, selon leur niveau<\/li>\n<\/ul>\n<\/div>\n<\/div>\n<\/div>\n<\/div>\n<\/div>\n<\/div>\n<\/div>\n\n\t\t<\/div>\n\t<\/div>\n<\/div><\/div><\/div><\/div>\n<\/div>","protected":false},"excerpt":{"rendered":"\u00c9cole La Majorelle Cambridge Assessment International Education (CIE): L\u2019\u00e9cole La Majorelle offre le parcours Cambridge English aux \u00e9l\u00e8ves du primaire (5 \u2013 11 ans) comprenant le Cambridge Progression Tests et le Cambridge Primary Checkpoint, qui \u00e9valuent les r\u00e9sultats de l\u2019apprenant. Les tests mettent d\u2019abord l\u2019accent sur l\u2019oral puis int\u00e8grent progressivement l\u2019\u00e9crit (compr\u00e9hension et expression \u00e9crites) au fur et \u00e0 mesure&nbsp;<a href=\"https:\/\/ecole-lamajorelle.com\/dz\/cambridge-assessment\/\">&hellip;<\/a>","protected":false},"author":1,"featured_media":0,"parent":0,"menu_order":0,"comment_status":"closed","ping_status":"closed","template":"template-home.php","meta":{"_price":"","_stock":"","_tribe_ticket_header":"","_tribe_default_ticket_provider":"","_tribe_ticket_capacity":"0","_ticket_start_date":"","_ticket_end_date":"","_tribe_ticket_show_description":"","_tribe_ticket_show_not_going":false,"_tribe_ticket_use_global_stock":"","_tribe_ticket_global_stock_level":"","_global_stock_mode":"","_global_stock_cap":"","_tribe_rsvp_for_event":"","_tribe_ticket_going_count":"","_tribe_ticket_not_going_count":"","_tribe_tickets_list":"[]","_tribe_ticket_has_attendee_info_fields":false,"_joinchat":[],"footnotes":""},"class_list":["post-1439","page","type-page","status-publish","hentry","odd"],"yoast_head":"<!-- This site is optimized with the Yoast SEO plugin v22.2 - https:\/\/yoast.com\/wordpress\/plugins\/seo\/ -->\n<title>Cambridge assessment - L&#039;\u00c9cole La Majorelle<\/title>\n<meta name=\"robots\" content=\"index, follow, max-snippet:-1, max-image-preview:large, max-video-preview:-1\" \/>\n<link rel=\"canonical\" href=\"https:\/\/ecole-lamajorelle.com\/dz\/cambridge-assessment\/\" \/>\n<meta property=\"og:locale\" content=\"ar_AR\" \/>\n<meta property=\"og:type\" content=\"article\" \/>\n<meta property=\"og:title\" content=\"Cambridge assessment - L&#039;\u00c9cole La Majorelle\" \/>\n<meta property=\"og:url\" content=\"https:\/\/ecole-lamajorelle.com\/dz\/cambridge-assessment\/\" \/>\n<meta property=\"og:site_name\" content=\"L&#039;\u00c9cole La Majorelle\" \/>\n<meta property=\"article:modified_time\" content=\"2023-11-01T17:58:59+00:00\" \/>\n<meta name=\"twitter:card\" content=\"summary_large_image\" \/>\n<meta name=\"twitter:label1\" content=\"\u0648\u0642\u062a \u0627\u0644\u0642\u0631\u0627\u0621\u0629 \u0627\u0644\u0645\u064f\u0642\u062f\u0651\u0631\" \/>\n\t<meta name=\"twitter:data1\" content=\"\u062f\u0642\u064a\u0642\u0629 \u0648\u0627\u062d\u062f\u0629\" \/>\n<script type=\"application\/ld+json\" class=\"yoast-schema-graph\">{\"@context\":\"https:\/\/schema.org\",\"@graph\":[{\"@type\":\"WebPage\",\"@id\":\"https:\/\/ecole-lamajorelle.com\/cambridge-assessment\/\",\"url\":\"https:\/\/ecole-lamajorelle.com\/cambridge-assessment\/\",\"name\":\"Cambridge assessment - L&#039;\u00c9cole La Majorelle\",\"isPartOf\":{\"@id\":\"https:\/\/ecole-lamajorelle.com\/#website\"},\"datePublished\":\"2023-09-12T13:55:16+00:00\",\"dateModified\":\"2023-11-01T17:58:59+00:00\",\"breadcrumb\":{\"@id\":\"https:\/\/ecole-lamajorelle.com\/cambridge-assessment\/#breadcrumb\"},\"inLanguage\":\"ar\",\"potentialAction\":[{\"@type\":\"ReadAction\",\"target\":[\"https:\/\/ecole-lamajorelle.com\/cambridge-assessment\/\"]}]},{\"@type\":\"BreadcrumbList\",\"@id\":\"https:\/\/ecole-lamajorelle.com\/cambridge-assessment\/#breadcrumb\",\"itemListElement\":[{\"@type\":\"ListItem\",\"position\":1,\"name\":\"Accueil\",\"item\":\"https:\/\/ecole-lamajorelle.com\/\"},{\"@type\":\"ListItem\",\"position\":2,\"name\":\"Cambridge assessment\"}]},{\"@type\":\"WebSite\",\"@id\":\"https:\/\/ecole-lamajorelle.com\/#website\",\"url\":\"https:\/\/ecole-lamajorelle.com\/\",\"name\":\"L&#039;\u00c9cole La Majorelle\",\"description\":\"\u00c9cole La Majorelle - \u00c9ducation Bilingue d&#039;Excellence \u00e0 Alger\",\"publisher\":{\"@id\":\"https:\/\/ecole-lamajorelle.com\/#organization\"},\"potentialAction\":[{\"@type\":\"SearchAction\",\"target\":{\"@type\":\"EntryPoint\",\"urlTemplate\":\"https:\/\/ecole-lamajorelle.com\/?s={search_term_string}\"},\"query-input\":\"required name=search_term_string\"}],\"inLanguage\":\"ar\"},{\"@type\":\"Organization\",\"@id\":\"https:\/\/ecole-lamajorelle.com\/#organization\",\"name\":\"L&#039;\u00c9cole La Majorelle\",\"url\":\"https:\/\/ecole-lamajorelle.com\/\",\"logo\":{\"@type\":\"ImageObject\",\"inLanguage\":\"ar\",\"@id\":\"https:\/\/ecole-lamajorelle.com\/#\/schema\/logo\/image\/\",\"url\":\"https:\/\/ecole-lamajorelle.com\/wp-content\/uploads\/2023\/08\/Sans-titre-1.png\",\"contentUrl\":\"https:\/\/ecole-lamajorelle.com\/wp-content\/uploads\/2023\/08\/Sans-titre-1.png\",\"width\":584,\"height\":175,\"caption\":\"L&#039;\u00c9cole La Majorelle\"},\"image\":{\"@id\":\"https:\/\/ecole-lamajorelle.com\/#\/schema\/logo\/image\/\"}}]}<\/script>\n<!-- \/ Yoast SEO plugin. -->","yoast_head_json":{"title":"Cambridge assessment - L&#039;\u00c9cole La Majorelle","robots":{"index":"index","follow":"follow","max-snippet":"max-snippet:-1","max-image-preview":"max-image-preview:large","max-video-preview":"max-video-preview:-1"},"canonical":"https:\/\/ecole-lamajorelle.com\/dz\/cambridge-assessment\/","og_locale":"ar_AR","og_type":"article","og_title":"Cambridge assessment - L&#039;\u00c9cole La Majorelle","og_url":"https:\/\/ecole-lamajorelle.com\/dz\/cambridge-assessment\/","og_site_name":"L&#039;\u00c9cole La Majorelle","article_modified_time":"2023-11-01T17:58:59+00:00","twitter_card":"summary_large_image","twitter_misc":{"\u0648\u0642\u062a \u0627\u0644\u0642\u0631\u0627\u0621\u0629 \u0627\u0644\u0645\u064f\u0642\u062f\u0651\u0631":"\u062f\u0642\u064a\u0642\u0629 \u0648\u0627\u062d\u062f\u0629"},"schema":{"@context":"https:\/\/schema.org","@graph":[{"@type":"WebPage","@id":"https:\/\/ecole-lamajorelle.com\/cambridge-assessment\/","url":"https:\/\/ecole-lamajorelle.com\/cambridge-assessment\/","name":"Cambridge assessment - L&#039;\u00c9cole La Majorelle","isPartOf":{"@id":"https:\/\/ecole-lamajorelle.com\/#website"},"datePublished":"2023-09-12T13:55:16+00:00","dateModified":"2023-11-01T17:58:59+00:00","breadcrumb":{"@id":"https:\/\/ecole-lamajorelle.com\/cambridge-assessment\/#breadcrumb"},"inLanguage":"ar","potentialAction":[{"@type":"ReadAction","target":["https:\/\/ecole-lamajorelle.com\/cambridge-assessment\/"]}]},{"@type":"BreadcrumbList","@id":"https:\/\/ecole-lamajorelle.com\/cambridge-assessment\/#breadcrumb","itemListElement":[{"@type":"ListItem","position":1,"name":"Accueil","item":"https:\/\/ecole-lamajorelle.com\/"},{"@type":"ListItem","position":2,"name":"Cambridge assessment"}]},{"@type":"WebSite","@id":"https:\/\/ecole-lamajorelle.com\/#website","url":"https:\/\/ecole-lamajorelle.com\/","name":"L&#039;\u00c9cole La Majorelle","description":"\u00c9cole La Majorelle - \u00c9ducation Bilingue d&#039;Excellence \u00e0 Alger","publisher":{"@id":"https:\/\/ecole-lamajorelle.com\/#organization"},"potentialAction":[{"@type":"SearchAction","target":{"@type":"EntryPoint","urlTemplate":"https:\/\/ecole-lamajorelle.com\/?s={search_term_string}"},"query-input":"required name=search_term_string"}],"inLanguage":"ar"},{"@type":"Organization","@id":"https:\/\/ecole-lamajorelle.com\/#organization","name":"L&#039;\u00c9cole La Majorelle","url":"https:\/\/ecole-lamajorelle.com\/","logo":{"@type":"ImageObject","inLanguage":"ar","@id":"https:\/\/ecole-lamajorelle.com\/#\/schema\/logo\/image\/","url":"https:\/\/ecole-lamajorelle.com\/wp-content\/uploads\/2023\/08\/Sans-titre-1.png","contentUrl":"https:\/\/ecole-lamajorelle.com\/wp-content\/uploads\/2023\/08\/Sans-titre-1.png","width":584,"height":175,"caption":"L&#039;\u00c9cole La Majorelle"},"image":{"@id":"https:\/\/ecole-lamajorelle.com\/#\/schema\/logo\/image\/"}}]}},"ticketed":false,"_links":{"self":[{"href":"https:\/\/ecole-lamajorelle.com\/dz\/wp-json\/wp\/v2\/pages\/1439","targetHints":{"allow":["GET"]}}],"collection":[{"href":"https:\/\/ecole-lamajorelle.com\/dz\/wp-json\/wp\/v2\/pages"}],"about":[{"href":"https:\/\/ecole-lamajorelle.com\/dz\/wp-json\/wp\/v2\/types\/page"}],"author":[{"embeddable":true,"href":"https:\/\/ecole-lamajorelle.com\/dz\/wp-json\/wp\/v2\/users\/1"}],"replies":[{"embeddable":true,"href":"https:\/\/ecole-lamajorelle.com\/dz\/wp-json\/wp\/v2\/comments?post=1439"}],"version-history":[{"count":5,"href":"https:\/\/ecole-lamajorelle.com\/dz\/wp-json\/wp\/v2\/pages\/1439\/revisions"}],"predecessor-version":[{"id":2298,"href":"https:\/\/ecole-lamajorelle.com\/dz\/wp-json\/wp\/v2\/pages\/1439\/revisions\/2298"}],"wp:attachment":[{"href":"https:\/\/ecole-lamajorelle.com\/dz\/wp-json\/wp\/v2\/media?parent=1439"}],"curies":[{"name":"wp","href":"https:\/\/api.w.org\/{rel}","templated":true}]}}