{"id":1775,"date":"2023-10-31T13:05:27","date_gmt":"2023-10-31T12:05:27","guid":{"rendered":"http:\/\/ecole-lamajorelle.com\/?page_id=1775"},"modified":"2023-10-31T13:05:27","modified_gmt":"2023-10-31T12:05:27","slug":"la-cuisine-de-lecole","status":"publish","type":"page","link":"https:\/\/ecole-lamajorelle.com\/dz\/la-cuisine-de-lecole\/","title":{"rendered":"La cuisine de l\u2019\u00e9cole"},"content":{"rendered":"<div class=\"wpb-content-wrapper\"><div class=\"vc_row wpb_row vc_row-fluid\"><div class=\"wpb_column vc_column_container vc_col-sm-12\"><div class=\"vc_column-inner\"><div class=\"wpb_wrapper\">\n\t<div class=\"wpb_raw_code wpb_content_element wpb_raw_html\" >\n\t\t<div class=\"wpb_wrapper\">\n\t\t\t[foogallery id=\"1761\"]\n\t\t<\/div>\n\t<\/div>\n<\/div><\/div><\/div><\/div>\n<\/div>","protected":false},"excerpt":{"rendered":"[foogallery id=\"1761\"]","protected":false},"author":1,"featured_media":0,"parent":0,"menu_order":0,"comment_status":"closed","ping_status":"closed","template":"","meta":{"_price":"","_stock":"","_tribe_ticket_header":"","_tribe_default_ticket_provider":"","_tribe_ticket_capacity":"0","_ticket_start_date":"","_ticket_end_date":"","_tribe_ticket_show_description":"","_tribe_ticket_show_not_going":false,"_tribe_ticket_use_global_stock":"","_tribe_ticket_global_stock_level":"","_global_stock_mode":"","_global_stock_cap":"","_tribe_rsvp_for_event":"","_tribe_ticket_going_count":"","_tribe_ticket_not_going_count":"","_tribe_tickets_list":"[]","_tribe_ticket_has_attendee_info_fields":false,"_joinchat":[],"footnotes":""},"class_list":["post-1775","page","type-page","status-publish","hentry","odd"],"yoast_head":"<!-- This site is optimized with the Yoast SEO plugin v22.2 - https:\/\/yoast.com\/wordpress\/plugins\/seo\/ -->\n<title>La cuisine de l\u2019\u00e9cole - L&#039;\u00c9cole La Majorelle<\/title>\n<meta name=\"robots\" content=\"index, follow, max-snippet:-1, max-image-preview:large, max-video-preview:-1\" \/>\n<link rel=\"canonical\" href=\"https:\/\/ecole-lamajorelle.com\/dz\/la-cuisine-de-lecole\/\" \/>\n<meta property=\"og:locale\" content=\"ar_AR\" \/>\n<meta property=\"og:type\" content=\"article\" \/>\n<meta property=\"og:title\" content=\"La cuisine de l\u2019\u00e9cole - L&#039;\u00c9cole La Majorelle\" \/>\n<meta property=\"og:url\" content=\"https:\/\/ecole-lamajorelle.com\/dz\/la-cuisine-de-lecole\/\" \/>\n<meta property=\"og:site_name\" content=\"L&#039;\u00c9cole La Majorelle\" \/>\n<meta name=\"twitter:card\" content=\"summary_large_image\" \/>\n<script type=\"application\/ld+json\" class=\"yoast-schema-graph\">{\"@context\":\"https:\/\/schema.org\",\"@graph\":[{\"@type\":\"WebPage\",\"@id\":\"https:\/\/ecole-lamajorelle.com\/la-cuisine-de-lecole\/\",\"url\":\"https:\/\/ecole-lamajorelle.com\/la-cuisine-de-lecole\/\",\"name\":\"La cuisine de l\u2019\u00e9cole - L&#039;\u00c9cole La Majorelle\",\"isPartOf\":{\"@id\":\"https:\/\/ecole-lamajorelle.com\/#website\"},\"datePublished\":\"2023-10-31T12:05:27+00:00\",\"dateModified\":\"2023-10-31T12:05:27+00:00\",\"breadcrumb\":{\"@id\":\"https:\/\/ecole-lamajorelle.com\/la-cuisine-de-lecole\/#breadcrumb\"},\"inLanguage\":\"ar\",\"potentialAction\":[{\"@type\":\"ReadAction\",\"target\":[\"https:\/\/ecole-lamajorelle.com\/la-cuisine-de-lecole\/\"]}]},{\"@type\":\"BreadcrumbList\",\"@id\":\"https:\/\/ecole-lamajorelle.com\/la-cuisine-de-lecole\/#breadcrumb\",\"itemListElement\":[{\"@type\":\"ListItem\",\"position\":1,\"name\":\"Accueil\",\"item\":\"https:\/\/ecole-lamajorelle.com\/\"},{\"@type\":\"ListItem\",\"position\":2,\"name\":\"La cuisine de l\u2019\u00e9cole\"}]},{\"@type\":\"WebSite\",\"@id\":\"https:\/\/ecole-lamajorelle.com\/#website\",\"url\":\"https:\/\/ecole-lamajorelle.com\/\",\"name\":\"L&#039;\u00c9cole La Majorelle\",\"description\":\"\u00c9cole La Majorelle - \u00c9ducation Bilingue d&#039;Excellence \u00e0 Alger\",\"publisher\":{\"@id\":\"https:\/\/ecole-lamajorelle.com\/#organization\"},\"potentialAction\":[{\"@type\":\"SearchAction\",\"target\":{\"@type\":\"EntryPoint\",\"urlTemplate\":\"https:\/\/ecole-lamajorelle.com\/?s={search_term_string}\"},\"query-input\":\"required name=search_term_string\"}],\"inLanguage\":\"ar\"},{\"@type\":\"Organization\",\"@id\":\"https:\/\/ecole-lamajorelle.com\/#organization\",\"name\":\"L&#039;\u00c9cole La Majorelle\",\"url\":\"https:\/\/ecole-lamajorelle.com\/\",\"logo\":{\"@type\":\"ImageObject\",\"inLanguage\":\"ar\",\"@id\":\"https:\/\/ecole-lamajorelle.com\/#\/schema\/logo\/image\/\",\"url\":\"https:\/\/ecole-lamajorelle.com\/wp-content\/uploads\/2023\/08\/Sans-titre-1.png\",\"contentUrl\":\"https:\/\/ecole-lamajorelle.com\/wp-content\/uploads\/2023\/08\/Sans-titre-1.png\",\"width\":584,\"height\":175,\"caption\":\"L&#039;\u00c9cole La Majorelle\"},\"image\":{\"@id\":\"https:\/\/ecole-lamajorelle.com\/#\/schema\/logo\/image\/\"}}]}<\/script>\n<!-- \/ Yoast SEO plugin. -->","yoast_head_json":{"title":"La cuisine de l\u2019\u00e9cole - L&#039;\u00c9cole La Majorelle","robots":{"index":"index","follow":"follow","max-snippet":"max-snippet:-1","max-image-preview":"max-image-preview:large","max-video-preview":"max-video-preview:-1"},"canonical":"https:\/\/ecole-lamajorelle.com\/dz\/la-cuisine-de-lecole\/","og_locale":"ar_AR","og_type":"article","og_title":"La cuisine de l\u2019\u00e9cole - L&#039;\u00c9cole La Majorelle","og_url":"https:\/\/ecole-lamajorelle.com\/dz\/la-cuisine-de-lecole\/","og_site_name":"L&#039;\u00c9cole La Majorelle","twitter_card":"summary_large_image","schema":{"@context":"https:\/\/schema.org","@graph":[{"@type":"WebPage","@id":"https:\/\/ecole-lamajorelle.com\/la-cuisine-de-lecole\/","url":"https:\/\/ecole-lamajorelle.com\/la-cuisine-de-lecole\/","name":"La cuisine de l\u2019\u00e9cole - L&#039;\u00c9cole La Majorelle","isPartOf":{"@id":"https:\/\/ecole-lamajorelle.com\/#website"},"datePublished":"2023-10-31T12:05:27+00:00","dateModified":"2023-10-31T12:05:27+00:00","breadcrumb":{"@id":"https:\/\/ecole-lamajorelle.com\/la-cuisine-de-lecole\/#breadcrumb"},"inLanguage":"ar","potentialAction":[{"@type":"ReadAction","target":["https:\/\/ecole-lamajorelle.com\/la-cuisine-de-lecole\/"]}]},{"@type":"BreadcrumbList","@id":"https:\/\/ecole-lamajorelle.com\/la-cuisine-de-lecole\/#breadcrumb","itemListElement":[{"@type":"ListItem","position":1,"name":"Accueil","item":"https:\/\/ecole-lamajorelle.com\/"},{"@type":"ListItem","position":2,"name":"La cuisine de l\u2019\u00e9cole"}]},{"@type":"WebSite","@id":"https:\/\/ecole-lamajorelle.com\/#website","url":"https:\/\/ecole-lamajorelle.com\/","name":"L&#039;\u00c9cole La Majorelle","description":"\u00c9cole La Majorelle - \u00c9ducation Bilingue d&#039;Excellence \u00e0 Alger","publisher":{"@id":"https:\/\/ecole-lamajorelle.com\/#organization"},"potentialAction":[{"@type":"SearchAction","target":{"@type":"EntryPoint","urlTemplate":"https:\/\/ecole-lamajorelle.com\/?s={search_term_string}"},"query-input":"required name=search_term_string"}],"inLanguage":"ar"},{"@type":"Organization","@id":"https:\/\/ecole-lamajorelle.com\/#organization","name":"L&#039;\u00c9cole La Majorelle","url":"https:\/\/ecole-lamajorelle.com\/","logo":{"@type":"ImageObject","inLanguage":"ar","@id":"https:\/\/ecole-lamajorelle.com\/#\/schema\/logo\/image\/","url":"https:\/\/ecole-lamajorelle.com\/wp-content\/uploads\/2023\/08\/Sans-titre-1.png","contentUrl":"https:\/\/ecole-lamajorelle.com\/wp-content\/uploads\/2023\/08\/Sans-titre-1.png","width":584,"height":175,"caption":"L&#039;\u00c9cole La Majorelle"},"image":{"@id":"https:\/\/ecole-lamajorelle.com\/#\/schema\/logo\/image\/"}}]}},"ticketed":false,"_links":{"self":[{"href":"https:\/\/ecole-lamajorelle.com\/dz\/wp-json\/wp\/v2\/pages\/1775","targetHints":{"allow":["GET"]}}],"collection":[{"href":"https:\/\/ecole-lamajorelle.com\/dz\/wp-json\/wp\/v2\/pages"}],"about":[{"href":"https:\/\/ecole-lamajorelle.com\/dz\/wp-json\/wp\/v2\/types\/page"}],"author":[{"embeddable":true,"href":"https:\/\/ecole-lamajorelle.com\/dz\/wp-json\/wp\/v2\/users\/1"}],"replies":[{"embeddable":true,"href":"https:\/\/ecole-lamajorelle.com\/dz\/wp-json\/wp\/v2\/comments?post=1775"}],"version-history":[{"count":1,"href":"https:\/\/ecole-lamajorelle.com\/dz\/wp-json\/wp\/v2\/pages\/1775\/revisions"}],"predecessor-version":[{"id":1776,"href":"https:\/\/ecole-lamajorelle.com\/dz\/wp-json\/wp\/v2\/pages\/1775\/revisions\/1776"}],"wp:attachment":[{"href":"https:\/\/ecole-lamajorelle.com\/dz\/wp-json\/wp\/v2\/media?parent=1775"}],"curies":[{"name":"wp","href":"https:\/\/api.w.org\/{rel}","templated":true}]}}