{"id":84,"date":"2016-03-09T09:42:40","date_gmt":"2016-03-09T09:42:40","guid":{"rendered":"http:\/\/local.school-time\/?page_id=210"},"modified":"2023-12-09T23:07:49","modified_gmt":"2023-12-09T22:07:49","slug":"contact","status":"publish","type":"page","link":"https:\/\/ecole-lamajorelle.com\/dz\/contact\/","title":{"rendered":"\u0627\u062a\u0635\u0627\u0644"},"content":{"rendered":"<div class=\"wpb-content-wrapper\"><div data-vc-full-width=\"true\" data-vc-full-width-init=\"false\" data-vc-stretch-content=\"true\" class=\"vc_row wpb_row vc_row-fluid vc_custom_1528715923342 vc_row-no-padding\"><div class=\"wpb_column vc_column_container vc_col-sm-12\"><div class=\"vc_column-inner vc_custom_1459848555278\"><div class=\"wpb_wrapper\"><div class=\"wpb_gmaps_widget wpb_content_element\"><div class=\"wpb_wrapper\"><div class=\"wpb_map_wraper\"><iframe src=\"https:\/\/www.google.com\/maps\/embed?pb=!1m18!1m12!1m3!1d3196.292893322727!2d2.9635383754868005!3d36.76354047225755!2m3!1f0!2f0!3f0!3m2!1i1024!2i768!4f13.1!3m3!1m2!1s0x128fb103bb1e405b%3A0xb975ba7d3e9dbf7b!2s%C3%89cole%20Priv%C3%A9e%20La%20Majorelle!5e0!3m2!1sfr!2sfr!4v1692987469227!5m2!1sfr!2sfr\" width=\"1600\" height=\"500\" style=\"border:0;\" allowfullscreen=\"\" loading=\"lazy\" referrerpolicy=\"no-referrer-when-downgrade\"><\/iframe><\/div><\/div><\/div><\/div><\/div><\/div><\/div><div class=\"vc_row-full-width vc_clearfix\"><\/div><div class=\"vc_row wpb_row vc_row-fluid vc_custom_1694798646846 vc_row-has-fill\"><div class=\"wpb_column vc_column_container vc_col-sm-4\"><div class=\"vc_column-inner\"><div class=\"wpb_wrapper\">\n\t\t\t\t\t<div class=\"wh-theme-icon vc_custom_1692996998840  scp_theme_icon-a98852719084acc308a7e89dc84c3d6c\">\n\t\t\t\t<i class=\"icon-Pin-New\"><\/i>\n\t\t\t<\/div>\n\t\t\t\t<p style=\"font-size: 18px;color: #332779;text-align: left\" class=\"vc_custom_heading vc_custom_1692997121339\" >\u0639\u0646\u0648\u0627\u0646<\/p><p style=\"font-size: 15px;text-align: left\" class=\"vc_custom_heading vc_custom_1692995769524\" >24 Rue p\u00e8re et fils Turki,<br \/>\nRue, Ch\u00e9raga 16016, Alg\u00e9rie<\/p>\n\t\t\t\t\t<div class=\"wh-theme-icon vc_custom_1692997007273  scp_theme_icon-5ed7658417cb38d5b490ea8060da195c\">\n\t\t\t\t<i class=\"icon-Clock-New\"><\/i>\n\t\t\t<\/div>\n\t\t\t\t<p style=\"font-size: 18px;color: #332779;text-align: left\" class=\"vc_custom_heading vc_custom_1692997077525\" >Heures d'ouverture<\/p><p style=\"font-size: 15px;text-align: left\" class=\"vc_custom_heading vc_custom_1692996098889\" >Dimanche - jeudi : 08:00-17:00<br \/>\n\u0627\u0644\u062c\u0645\u0639\u0629 - \u0627\u0644\u0633\u0628\u062a: \u0645\u063a\u0644\u0642<\/p>\n\t\t\t\t\t<div class=\"wh-theme-icon vc_custom_1692997025375  scp_theme_icon-cea47f51b593999a3cc8f70920c81131\">\n\t\t\t\t<i class=\"icon-phone-handset\"><\/i>\n\t\t\t<\/div>\n\t\t\t\t<p style=\"font-size: 18px;color: #332779;text-align: left\" class=\"vc_custom_heading vc_custom_1692997085323\" >\u0647\u0627\u062a\u0641<\/p><p style=\"font-size: 15px;color: #000000;text-align: left\" class=\"vc_custom_heading vc_custom_1692996364472\" ><a href=\"tel: 213550597873\">+213550597873<\/a><\/p>\n\t\t\t\t\t<div class=\"wh-theme-icon vc_custom_1692997039523  scp_theme_icon-737cd1d23eee6e162b2943f15511d429\">\n\t\t\t\t<i class=\"icon-Mail\"><\/i>\n\t\t\t<\/div>\n\t\t\t\t<p style=\"font-size: 18px;color: #332779;text-align: left\" class=\"vc_custom_heading vc_custom_1702159667384\" >\u0627\u0644\u0628\u0631\u064a\u062f \u0627\u0644\u0625\u0644\u0643\u062a\u0631\u0648\u0646\u064a<\/p><p style=\"text-align: left\" class=\"vc_custom_heading vc_custom_1698861327016\" >ecolelamajorelle@gmail.com<\/p><\/div><\/div><\/div><div class=\"wpb_column vc_column_container vc_col-sm-8 vc_col-has-fill\"><div class=\"vc_column-inner vc_custom_1458729850668\"><div class=\"wpb_wrapper\"><h2 style=\"font-size: 23px;text-align: center\" class=\"vc_custom_heading\" >\u0627\u062a\u0635\u0627\u0644<\/h2><div class=\"vc_separator wpb_content_element vc_separator_align_center vc_sep_width_10 vc_sep_pos_align_center vc_separator_no_text vc_sep_color_grey vc_custom_1458832714491  vc_custom_1458832714491\" ><span class=\"vc_sep_holder vc_sep_holder_l\"><span class=\"vc_sep_line\"><\/span><\/span><span class=\"vc_sep_holder vc_sep_holder_r\"><span class=\"vc_sep_line\"><\/span><\/span>\n<\/div>\n\t<div class=\"wpb_raw_code wpb_content_element wpb_raw_html\" >\n\t\t<div class=\"wpb_wrapper\">\n\t\t\t<div class=\"wpforms-container wpforms-container-full wpforms-render-modern\" id=\"wpforms-1615\"><form id=\"wpforms-form-1615\" class=\"wpforms-validate wpforms-form wpforms-ajax-form\" data-formid=\"1615\" method=\"post\" enctype=\"multipart\/form-data\" action=\"\/dz\/wp-json\/wp\/v2\/pages\/84\" data-token=\"6b226a59d8cd2d2ad64a06ce034c5942\" data-trp-original-action=\"\/dz\/wp-json\/wp\/v2\/pages\/84\"><noscript class=\"wpforms-error-noscript\">Please enable JavaScript in your browser to complete this form.<\/noscript><div class=\"wpforms-hidden\" id=\"wpforms-error-noscript\">Please enable JavaScript in your browser to complete this form.<\/div><div class=\"wpforms-field-container\"><div id=\"wpforms-1615-field_0-container\" class=\"wpforms-field wpforms-field-name\" data-field-id=\"0\"><fieldset><legend class=\"wpforms-field-label\">\u0627\u0633\u0645 <span class=\"wpforms-required-label\" aria-hidden=\"true\">*<\/span><\/legend><div class=\"wpforms-field-row wpforms-field-medium\"><div class=\"wpforms-field-row-block wpforms-first wpforms-one-half\"><input type=\"text\" id=\"wpforms-1615-field_0\" class=\"wpforms-field-name-first wpforms-field-required\" name=\"wpforms[fields][0][first]\" aria-errormessage=\"wpforms-1615-field_0-error\" required><label for=\"wpforms-1615-field_0\" class=\"wpforms-field-sublabel after\">First<\/label><\/div><div class=\"wpforms-field-row-block wpforms-one-half\"><input type=\"text\" id=\"wpforms-1615-field_0-last\" class=\"wpforms-field-name-last wpforms-field-required\" name=\"wpforms[fields][0][last]\" aria-errormessage=\"wpforms-1615-field_0-last-error\" required><label for=\"wpforms-1615-field_0-last\" class=\"wpforms-field-sublabel after\">Last<\/label><\/div><\/div><\/fieldset><\/div><div id=\"wpforms-1615-field_1-container\" class=\"wpforms-field wpforms-field-email\" data-field-id=\"1\"><label class=\"wpforms-field-label\" for=\"wpforms-1615-field_1\">\u0627\u0644\u0628\u0631\u064a\u062f \u0627\u0644\u0625\u0644\u0643\u062a\u0631\u0648\u0646\u064a <span class=\"wpforms-required-label\" aria-hidden=\"true\">*<\/span><\/label><input type=\"email\" id=\"wpforms-1615-field_1\" class=\"wpforms-field-medium wpforms-field-required\" name=\"wpforms[fields][1]\" spellcheck=\"false\" aria-errormessage=\"wpforms-1615-field_1-error\" required><\/div><div id=\"wpforms-1615-field_4-container\" class=\"wpforms-field wpforms-field-phone\" data-field-id=\"4\"><label class=\"wpforms-field-label\" for=\"wpforms-1615-field_4\">\u0647\u0627\u062a\u0641<\/label><input type=\"tel\" id=\"wpforms-1615-field_4\" class=\"wpforms-field-medium\" data-rule-int-phone-field=\"true\" name=\"wpforms[fields][4]\" aria-errormessage=\"wpforms-1615-field_4-error\" ><\/div><div id=\"wpforms-1615-field_3-container\" class=\"wpforms-field wpforms-field-radio wpforms-list-inline\" data-field-id=\"3\"><fieldset><legend class=\"wpforms-field-label\">\u0627\u0647\u062a\u0645\u0627\u0645\u0643  <span class=\"wpforms-required-label\" aria-hidden=\"true\">*<\/span><\/legend><ul id=\"wpforms-1615-field_3\" class=\"wpforms-field-required\"><li class=\"choice-1 depth-1\"><input type=\"radio\" id=\"wpforms-1615-field_3_1\" name=\"wpforms[fields][3]\" value=\"Maternelle\" aria-errormessage=\"wpforms-1615-field_3_1-error\" required><label class=\"wpforms-field-label-inline\" for=\"wpforms-1615-field_3_1\">\u0627\u0644\u0627\u0645<\/label><\/li><li class=\"choice-2 depth-1\"><input type=\"radio\" id=\"wpforms-1615-field_3_2\" name=\"wpforms[fields][3]\" value=\"Primaire\" aria-errormessage=\"wpforms-1615-field_3_2-error\" required><label class=\"wpforms-field-label-inline\" for=\"wpforms-1615-field_3_2\">\u0627\u0628\u062a\u062f\u0627\u0626\u064a<\/label><\/li><li class=\"choice-3 depth-1\"><input type=\"radio\" id=\"wpforms-1615-field_3_3\" name=\"wpforms[fields][3]\" value=\"Coll\u00e8ge\" aria-errormessage=\"wpforms-1615-field_3_3-error\" required><label class=\"wpforms-field-label-inline\" for=\"wpforms-1615-field_3_3\">\u0643\u0644\u064a\u0629<\/label><\/li><li class=\"choice-4 depth-1\"><input type=\"radio\" id=\"wpforms-1615-field_3_4\" name=\"wpforms[fields][3]\" value=\"Lyc\u00e9e\" aria-errormessage=\"wpforms-1615-field_3_4-error\" required><label class=\"wpforms-field-label-inline\" for=\"wpforms-1615-field_3_4\">\u062b\u0627\u0646\u0648\u064a\u0629<\/label><\/li><\/ul><\/fieldset><\/div><div id=\"wpforms-1615-field_2-container\" class=\"wpforms-field wpforms-field-textarea\" data-field-id=\"2\"><label class=\"wpforms-field-label\" for=\"wpforms-1615-field_2\">\u0631\u0633\u0627\u0644\u0629<\/label><textarea id=\"wpforms-1615-field_2\" class=\"wpforms-field-medium\" name=\"wpforms[fields][2]\" aria-errormessage=\"wpforms-1615-field_2-error\" ><\/textarea><\/div><\/div><!-- .wpforms-field-container --><div class=\"wpforms-submit-container\" ><input type=\"hidden\" name=\"wpforms[id]\" value=\"1615\"><input type=\"hidden\" name=\"wpforms[author]\" value=\"1\"><button type=\"submit\" name=\"wpforms[submit]\" id=\"wpforms-submit-1615\" class=\"wpforms-submit\" data-alt-text=\"Envoi...\" data-submit-text=\"Envoyer\" aria-live=\"assertive\" value=\"wpforms-submit\">\u0623\u0631\u0633\u0644<\/button><img decoding=\"async\" src=\"https:\/\/ecole-lamajorelle.com\/wp-content\/plugins\/wpforms\/assets\/images\/submit-spin.svg\" class=\"wpforms-submit-spinner\" style=\"display: none;\" width=\"26\" height=\"26\" alt=\"Loading\"><\/div><input type=\"hidden\" name=\"trp-form-language\" value=\"dz\"\/><\/form><\/div>  <!-- .wpforms-container -->\n\t\t<\/div>\n\t<\/div>\n<\/div><\/div><\/div><\/div>\n<\/div>","protected":false},"excerpt":{"rendered":"Adresse24 Rue p\u00e8re et fils Turki, Rue, Ch\u00e9raga 16016, Alg\u00e9rie Heures d'ouvertureDimanche - jeudi : 08:00-17:00 Vendredi - Samedi : Ferm\u00e9 T\u00e9l\u00e9phone+213550597873 E-mailecolelamajorelle@gmail.comContact Please enable JavaScript in your browser to complete this form.Please enable JavaScript in your browser to complete this form.Nom *FirstLastE-mail *T\u00e9l\u00e9phoneVotre Int\u00e9r\u00eat *MaternellePrimaireColl\u00e8geLyc\u00e9eMessageEnvoyer","protected":false},"author":1,"featured_media":0,"parent":0,"menu_order":0,"comment_status":"closed","ping_status":"closed","template":"template-fullwidth.php","meta":{"_price":"","_stock":"","_tribe_ticket_header":"","_tribe_default_ticket_provider":"","_tribe_ticket_capacity":"0","_ticket_start_date":"","_ticket_end_date":"","_tribe_ticket_show_description":"","_tribe_ticket_show_not_going":false,"_tribe_ticket_use_global_stock":"","_tribe_ticket_global_stock_level":"","_global_stock_mode":"","_global_stock_cap":"","_tribe_rsvp_for_event":"","_tribe_ticket_going_count":"","_tribe_ticket_not_going_count":"","_tribe_tickets_list":"[]","_tribe_ticket_has_attendee_info_fields":false,"_joinchat":[],"footnotes":""},"class_list":["post-84","page","type-page","status-publish","hentry","odd"],"yoast_head":"<!-- This site is optimized with the Yoast SEO plugin v22.2 - https:\/\/yoast.com\/wordpress\/plugins\/seo\/ -->\n<title>Contact - L&#039;\u00c9cole La Majorelle<\/title>\n<meta name=\"robots\" content=\"index, follow, max-snippet:-1, max-image-preview:large, max-video-preview:-1\" \/>\n<link rel=\"canonical\" href=\"https:\/\/ecole-lamajorelle.com\/dz\/contact\/\" \/>\n<meta property=\"og:locale\" content=\"ar_AR\" \/>\n<meta property=\"og:type\" content=\"article\" \/>\n<meta property=\"og:title\" content=\"Contact - L&#039;\u00c9cole La Majorelle\" \/>\n<meta property=\"og:url\" content=\"https:\/\/ecole-lamajorelle.com\/dz\/contact\/\" \/>\n<meta property=\"og:site_name\" content=\"L&#039;\u00c9cole La Majorelle\" \/>\n<meta property=\"article:modified_time\" content=\"2023-12-09T22:07:49+00:00\" \/>\n<meta name=\"twitter:card\" content=\"summary_large_image\" \/>\n<meta name=\"twitter:label1\" content=\"\u0648\u0642\u062a \u0627\u0644\u0642\u0631\u0627\u0621\u0629 \u0627\u0644\u0645\u064f\u0642\u062f\u0651\u0631\" \/>\n\t<meta name=\"twitter:data1\" content=\"3 \u062f\u0642\u0627\u0626\u0642\" \/>\n<script type=\"application\/ld+json\" class=\"yoast-schema-graph\">{\"@context\":\"https:\/\/schema.org\",\"@graph\":[{\"@type\":\"WebPage\",\"@id\":\"https:\/\/ecole-lamajorelle.com\/contact\/\",\"url\":\"https:\/\/ecole-lamajorelle.com\/contact\/\",\"name\":\"Contact - L&#039;\u00c9cole La Majorelle\",\"isPartOf\":{\"@id\":\"https:\/\/ecole-lamajorelle.com\/#website\"},\"datePublished\":\"2016-03-09T09:42:40+00:00\",\"dateModified\":\"2023-12-09T22:07:49+00:00\",\"breadcrumb\":{\"@id\":\"https:\/\/ecole-lamajorelle.com\/contact\/#breadcrumb\"},\"inLanguage\":\"ar\",\"potentialAction\":[{\"@type\":\"ReadAction\",\"target\":[\"https:\/\/ecole-lamajorelle.com\/contact\/\"]}]},{\"@type\":\"BreadcrumbList\",\"@id\":\"https:\/\/ecole-lamajorelle.com\/contact\/#breadcrumb\",\"itemListElement\":[{\"@type\":\"ListItem\",\"position\":1,\"name\":\"Accueil\",\"item\":\"https:\/\/ecole-lamajorelle.com\/\"},{\"@type\":\"ListItem\",\"position\":2,\"name\":\"Contact\"}]},{\"@type\":\"WebSite\",\"@id\":\"https:\/\/ecole-lamajorelle.com\/#website\",\"url\":\"https:\/\/ecole-lamajorelle.com\/\",\"name\":\"L&#039;\u00c9cole La Majorelle\",\"description\":\"\u00c9cole La Majorelle - \u00c9ducation Bilingue d&#039;Excellence \u00e0 Alger\",\"publisher\":{\"@id\":\"https:\/\/ecole-lamajorelle.com\/#organization\"},\"potentialAction\":[{\"@type\":\"SearchAction\",\"target\":{\"@type\":\"EntryPoint\",\"urlTemplate\":\"https:\/\/ecole-lamajorelle.com\/?s={search_term_string}\"},\"query-input\":\"required name=search_term_string\"}],\"inLanguage\":\"ar\"},{\"@type\":\"Organization\",\"@id\":\"https:\/\/ecole-lamajorelle.com\/#organization\",\"name\":\"L&#039;\u00c9cole La Majorelle\",\"url\":\"https:\/\/ecole-lamajorelle.com\/\",\"logo\":{\"@type\":\"ImageObject\",\"inLanguage\":\"ar\",\"@id\":\"https:\/\/ecole-lamajorelle.com\/#\/schema\/logo\/image\/\",\"url\":\"https:\/\/ecole-lamajorelle.com\/wp-content\/uploads\/2023\/08\/Sans-titre-1.png\",\"contentUrl\":\"https:\/\/ecole-lamajorelle.com\/wp-content\/uploads\/2023\/08\/Sans-titre-1.png\",\"width\":584,\"height\":175,\"caption\":\"L&#039;\u00c9cole La Majorelle\"},\"image\":{\"@id\":\"https:\/\/ecole-lamajorelle.com\/#\/schema\/logo\/image\/\"}}]}<\/script>\n<!-- \/ Yoast SEO plugin. -->","yoast_head_json":{"title":"Contact - L&#039;\u00c9cole La Majorelle","robots":{"index":"index","follow":"follow","max-snippet":"max-snippet:-1","max-image-preview":"max-image-preview:large","max-video-preview":"max-video-preview:-1"},"canonical":"https:\/\/ecole-lamajorelle.com\/dz\/contact\/","og_locale":"ar_AR","og_type":"article","og_title":"Contact - L&#039;\u00c9cole La Majorelle","og_url":"https:\/\/ecole-lamajorelle.com\/dz\/contact\/","og_site_name":"L&#039;\u00c9cole La Majorelle","article_modified_time":"2023-12-09T22:07:49+00:00","twitter_card":"summary_large_image","twitter_misc":{"\u0648\u0642\u062a \u0627\u0644\u0642\u0631\u0627\u0621\u0629 \u0627\u0644\u0645\u064f\u0642\u062f\u0651\u0631":"3 \u062f\u0642\u0627\u0626\u0642"},"schema":{"@context":"https:\/\/schema.org","@graph":[{"@type":"WebPage","@id":"https:\/\/ecole-lamajorelle.com\/contact\/","url":"https:\/\/ecole-lamajorelle.com\/contact\/","name":"Contact - L&#039;\u00c9cole La Majorelle","isPartOf":{"@id":"https:\/\/ecole-lamajorelle.com\/#website"},"datePublished":"2016-03-09T09:42:40+00:00","dateModified":"2023-12-09T22:07:49+00:00","breadcrumb":{"@id":"https:\/\/ecole-lamajorelle.com\/contact\/#breadcrumb"},"inLanguage":"ar","potentialAction":[{"@type":"ReadAction","target":["https:\/\/ecole-lamajorelle.com\/contact\/"]}]},{"@type":"BreadcrumbList","@id":"https:\/\/ecole-lamajorelle.com\/contact\/#breadcrumb","itemListElement":[{"@type":"ListItem","position":1,"name":"Accueil","item":"https:\/\/ecole-lamajorelle.com\/"},{"@type":"ListItem","position":2,"name":"Contact"}]},{"@type":"WebSite","@id":"https:\/\/ecole-lamajorelle.com\/#website","url":"https:\/\/ecole-lamajorelle.com\/","name":"L&#039;\u00c9cole La Majorelle","description":"\u00c9cole La Majorelle - \u00c9ducation Bilingue d&#039;Excellence \u00e0 Alger","publisher":{"@id":"https:\/\/ecole-lamajorelle.com\/#organization"},"potentialAction":[{"@type":"SearchAction","target":{"@type":"EntryPoint","urlTemplate":"https:\/\/ecole-lamajorelle.com\/?s={search_term_string}"},"query-input":"required name=search_term_string"}],"inLanguage":"ar"},{"@type":"Organization","@id":"https:\/\/ecole-lamajorelle.com\/#organization","name":"L&#039;\u00c9cole La Majorelle","url":"https:\/\/ecole-lamajorelle.com\/","logo":{"@type":"ImageObject","inLanguage":"ar","@id":"https:\/\/ecole-lamajorelle.com\/#\/schema\/logo\/image\/","url":"https:\/\/ecole-lamajorelle.com\/wp-content\/uploads\/2023\/08\/Sans-titre-1.png","contentUrl":"https:\/\/ecole-lamajorelle.com\/wp-content\/uploads\/2023\/08\/Sans-titre-1.png","width":584,"height":175,"caption":"L&#039;\u00c9cole La Majorelle"},"image":{"@id":"https:\/\/ecole-lamajorelle.com\/#\/schema\/logo\/image\/"}}]}},"ticketed":false,"_links":{"self":[{"href":"https:\/\/ecole-lamajorelle.com\/dz\/wp-json\/wp\/v2\/pages\/84","targetHints":{"allow":["GET"]}}],"collection":[{"href":"https:\/\/ecole-lamajorelle.com\/dz\/wp-json\/wp\/v2\/pages"}],"about":[{"href":"https:\/\/ecole-lamajorelle.com\/dz\/wp-json\/wp\/v2\/types\/page"}],"author":[{"embeddable":true,"href":"https:\/\/ecole-lamajorelle.com\/dz\/wp-json\/wp\/v2\/users\/1"}],"replies":[{"embeddable":true,"href":"https:\/\/ecole-lamajorelle.com\/dz\/wp-json\/wp\/v2\/comments?post=84"}],"version-history":[{"count":16,"href":"https:\/\/ecole-lamajorelle.com\/dz\/wp-json\/wp\/v2\/pages\/84\/revisions"}],"predecessor-version":[{"id":2341,"href":"https:\/\/ecole-lamajorelle.com\/dz\/wp-json\/wp\/v2\/pages\/84\/revisions\/2341"}],"wp:attachment":[{"href":"https:\/\/ecole-lamajorelle.com\/dz\/wp-json\/wp\/v2\/media?parent=84"}],"curies":[{"name":"wp","href":"https:\/\/api.w.org\/{rel}","templated":true}]}}